{"id":603,"date":"2025-06-08T20:59:38","date_gmt":"2025-06-08T20:59:38","guid":{"rendered":"https:\/\/kiricostain.com\/?page_id=603"},"modified":"2025-10-21T20:20:31","modified_gmt":"2025-10-21T20:20:31","slug":"productos","status":"publish","type":"page","link":"https:\/\/kiricostain.com\/en\/productos\/","title":{"rendered":"Products"},"content":{"rendered":"<section class=\"l-section wpb_row us_custom_2d466fa0 height_auto width_custom\" style=\"--site-content-width:1440px;\"><div class=\"l-section-h i-cf\"><div class=\"g-cols vc_row via_grid cols_3-1 laptops-cols_inherit tablets-cols_inherit mobiles-cols_1 valign_middle type_default stacking_default\" style=\"--columns-gap:3rem;--laptops-columns-gap:3rem;--tablets-columns-gap:64px;--mobiles-columns-gap:3rem;\"><div class=\"wpb_column vc_column_container\"><div class=\"vc_column-inner\"><div class=\"w-text us_custom_39d5e2d6 has_text_color\"><span class=\"w-text-h\"><span class=\"w-text-value\">KiricoStain<\/span><\/span><\/div><div class=\"w-vwrapper align_none valign_top\" style=\"--vwrapper-gap:0px\"><p class=\"w-text us_custom_67c89894 has_text_color\"><span class=\"w-text-h\"><span class=\"w-text-value\">We need more dolls in our lives that make us laugh and dream.<\/span><\/span><\/p><\/div><\/div><\/div><div class=\"wpb_column vc_column_container hide_on_mobiles\"><div class=\"vc_column-inner\"><div class=\"w-image us_custom_b3eddc60 align_center\"><div class=\"w-image-h\"><img decoding=\"async\" width=\"2105\" height=\"2560\" src=\"https:\/\/kiricostain.com\/wp-content\/uploads\/2025\/06\/cabeza-gris-1-scaled.png\" class=\"attachment-full size-full\" alt=\"\" loading=\"lazy\" srcset=\"https:\/\/kiricostain.com\/wp-content\/uploads\/2025\/06\/cabeza-gris-1-scaled.png 2105w, https:\/\/kiricostain.com\/wp-content\/uploads\/2025\/06\/cabeza-gris-1-247x300.png 247w, https:\/\/kiricostain.com\/wp-content\/uploads\/2025\/06\/cabeza-gris-1-842x1024.png 842w, https:\/\/kiricostain.com\/wp-content\/uploads\/2025\/06\/cabeza-gris-1-10x12.png 10w, https:\/\/kiricostain.com\/wp-content\/uploads\/2025\/06\/cabeza-gris-1-301x366.png 301w, https:\/\/kiricostain.com\/wp-content\/uploads\/2025\/06\/cabeza-gris-1-1320x1605.png 1320w, https:\/\/kiricostain.com\/wp-content\/uploads\/2025\/06\/cabeza-gris-1-600x730.png 600w\" sizes=\"auto, (max-width: 2105px) 100vw, 2105px\" \/><\/div><\/div><\/div><\/div><\/div><\/div><\/section><section class=\"l-section wpb_row us_custom_47e92f3d height_auto\"><div class=\"l-section-h i-cf\"><div class=\"g-cols vc_row via_grid cols_1 laptops-cols_inherit tablets-cols_inherit mobiles-cols_1 valign_top type_default stacking_default\" style=\"--columns-gap:40px;\"><div class=\"wpb_column vc_column_container us_custom_42245858\"><div class=\"vc_column-inner\"><div class=\"w-text us_custom_ea76421f\"><span class=\"w-text-h\"><span class=\"w-text-value\">Our Puppets<\/span><\/span><\/div><div class=\"wpb_text_column us_custom_a5c39bcf\"><div class=\"wpb_wrapper\"><p>At Kirico, we\u2019ve taken pleasure in building two styles of dummies: the classic stick style with levers and the puppet style with direct manipulation. We have carefully crafted both styles, paying close attention to details to offer our clients a high-quality product at a very competitive price.<\/p>\n<\/div><\/div><\/div><\/div><div class=\"wpb_column vc_column_container us_custom_66d1984c\"><div class=\"vc_column-inner\"><div class=\"g-cols wpb_row via_grid cols_2 laptops-cols_inherit tablets-cols_2 mobiles-cols_1 valign_middle type_default\" style=\"--columns-gap:3rem;\"><div class=\"wpb_column vc_column_container us_custom_e72c277f has_bg_color\"><div class=\"vc_column-inner\"><div class=\"w-image us_custom_1458ef07 align_center\"><div class=\"w-image-h\"><img decoding=\"async\" width=\"404\" height=\"517\" src=\"https:\/\/kiricostain.com\/wp-content\/uploads\/2025\/06\/kiricoproduct1.png\" class=\"attachment-large size-large\" alt=\"\" loading=\"lazy\" srcset=\"https:\/\/kiricostain.com\/wp-content\/uploads\/2025\/06\/kiricoproduct1.png 404w, https:\/\/kiricostain.com\/wp-content\/uploads\/2025\/06\/kiricoproduct1-234x300.png 234w, https:\/\/kiricostain.com\/wp-content\/uploads\/2025\/06\/kiricoproduct1-9x12.png 9w, https:\/\/kiricostain.com\/wp-content\/uploads\/2025\/06\/kiricoproduct1-301x385.png 301w\" sizes=\"auto, (max-width: 404px) 100vw, 404px\" \/><\/div><\/div><div class=\"w-text us_custom_117e659b has_text_color\"><span class=\"w-text-h\"><span class=\"w-text-value\">Classic<\/span><\/span><\/div><div class=\"wpb_text_column us_custom_df1b7d3d has_text_color\"><div class=\"wpb_wrapper\"><p>The classic dummy is the most valued by connoisseurs, ventriloquism enthusiasts, and collectors. This style is very dear to us, and we believe this affection is reflected in the final product we offer to the public.<\/p>\n<\/div><\/div><\/div><\/div><div class=\"wpb_column vc_column_container us_custom_a0403419 has_bg_color\"><div class=\"vc_column-inner\"><div class=\"w-image us_custom_1458ef07 align_center\"><div class=\"w-image-h\"><img decoding=\"async\" width=\"364\" height=\"556\" src=\"https:\/\/kiricostain.com\/wp-content\/uploads\/2025\/06\/kirikoproducto.png\" class=\"attachment-large size-large\" alt=\"\" loading=\"lazy\" srcset=\"https:\/\/kiricostain.com\/wp-content\/uploads\/2025\/06\/kirikoproducto.png 364w, https:\/\/kiricostain.com\/wp-content\/uploads\/2025\/06\/kirikoproducto-196x300.png 196w, https:\/\/kiricostain.com\/wp-content\/uploads\/2025\/06\/kirikoproducto-8x12.png 8w, https:\/\/kiricostain.com\/wp-content\/uploads\/2025\/06\/kirikoproducto-301x460.png 301w\" sizes=\"auto, (max-width: 364px) 100vw, 364px\" \/><\/div><\/div><div class=\"w-text us_custom_117e659b has_text_color\"><span class=\"w-text-h\"><span class=\"w-text-value\">Puppet<\/span><\/span><\/div><div class=\"wpb_text_column us_custom_df1b7d3d has_text_color\"><div class=\"wpb_wrapper\"><p>The puppet-style dummy is agile and dynamic, manipulated directly. It is the favorite style for those starting in the art of ventriloquism due to its more intuitive handling, but it is no less expressive, professional, or fun than the classic dummy.<\/p>\n<\/div><\/div><\/div><\/div><\/div><\/div><\/div><\/div><\/div><\/section><section class=\"l-section wpb_row us_custom_5117684b hide_on_tablets hide_on_mobiles height_auto\"><div class=\"l-section-h i-cf\"><div class=\"g-cols vc_row via_grid cols_1 laptops-cols_inherit tablets-cols_inherit mobiles-cols_1 valign_top type_default stacking_default\"><div class=\"wpb_column vc_column_container us_custom_2d9ebfef displayFelxWrap\"><div class=\"vc_column-inner\"><div class=\"w-vwrapper us_custom_9a1bfa5c align_center valign_top\" style=\"--vwrapper-gap:0px\"><div class=\"w-hwrapper us_custom_2301ff22 valign_top align_none\"><div class=\"w-image us_custom_e3a32bb0 animationHoverImg has_height has_ratio align_none\"><div class=\"w-image-h\"><div style=\"padding-bottom:137.1571%\"><\/div><img decoding=\"async\" width=\"768\" height=\"1024\" src=\"https:\/\/kiricostain.com\/wp-content\/uploads\/2025\/06\/Trump13-1-768x1024.webp\" class=\"attachment-large size-large\" alt=\"\" loading=\"lazy\" \/><\/div><\/div><\/div><div class=\"w-text us_custom_43c03764\"><span class=\"w-text-h\"><span class=\"w-text-value\">Mr. President<\/span><\/span><\/div><div class=\"wpb_text_column us_custom_97a72161 textElipsis\"><div class=\"wpb_wrapper\"><p>He is the small yet great leader of the PROPERTY-HOLDING COMPANY and now the Number One among the big shots of the north.<\/p>\n<\/div><\/div><div class=\"w-btn-wrapper align_none\"><a class=\"w-btn us-btn-style_3 us_custom_a2200d90 text_none\" aria-label=\"Button\" href=\"https:\/\/kiricostain.com\/en\/product\/mr-president\/\"><\/a><\/div><\/div><div class=\"w-vwrapper us_custom_9a1bfa5c align_center valign_top\" style=\"--vwrapper-gap:0px\"><div class=\"w-hwrapper us_custom_2301ff22 valign_top align_none\"><div class=\"w-image us_custom_e3a32bb0 animationHoverImg has_height has_ratio align_none\"><div class=\"w-image-h\"><div style=\"padding-bottom:137.1571%\"><\/div><img decoding=\"async\" width=\"768\" height=\"1024\" src=\"https:\/\/kiricostain.com\/wp-content\/uploads\/2025\/06\/IMG_8657-1-768x1024.webp\" class=\"attachment-large size-large\" alt=\"\" loading=\"lazy\" \/><\/div><\/div><\/div><div class=\"w-text us_custom_43c03764\"><span class=\"w-text-h\"><span class=\"w-text-value\">Chavi M. Conroy<\/span><\/span><\/div><div class=\"wpb_text_column us_custom_97a72161 textElipsis\"><div class=\"wpb_wrapper\"><p>He's a nice guy from California; he likes to dance and the sound of engines revving. But what he's best at is being a great friend.<\/p>\n<\/div><\/div><div class=\"w-btn-wrapper align_none\"><a class=\"w-btn us-btn-style_3 us_custom_38cb1a3b text_none\" aria-label=\"Button\" href=\"https:\/\/kiricostain.com\/en\/product\/chavi-m-conroy\/\"><\/a><\/div><\/div><div class=\"w-vwrapper us_custom_9a1bfa5c align_center valign_top\" style=\"--vwrapper-gap:0px\"><div class=\"w-hwrapper us_custom_2301ff22 valign_top align_none\"><div class=\"w-image us_custom_e3a32bb0 animationHoverImg has_height has_ratio align_none\"><div class=\"w-image-h\"><div style=\"padding-bottom:137.1571%\"><\/div><img decoding=\"async\" width=\"747\" height=\"1024\" src=\"https:\/\/kiricostain.com\/wp-content\/uploads\/2025\/06\/DSCF3392-747x1024.webp\" class=\"attachment-large size-large\" alt=\"\" loading=\"lazy\" \/><\/div><\/div><\/div><div class=\"w-text us_custom_43c03764\"><span class=\"w-text-h\"><span class=\"w-text-value\">J.T. Little<\/span><\/span><\/div><div class=\"wpb_text_column us_custom_97a72161 textElipsis\"><div class=\"wpb_wrapper\"><p>Will be available soon<\/p>\n<\/div><\/div><div class=\"w-btn-wrapper align_none\"><button class=\"w-btn us-btn-style_3 us_custom_38cb1a3b text_none\" aria-label=\"Button\"><\/button><\/div><\/div><div class=\"w-vwrapper us_custom_9a1bfa5c align_center valign_top\" style=\"--vwrapper-gap:0px\"><div class=\"w-hwrapper us_custom_2301ff22 valign_top align_none\"><div class=\"w-image us_custom_e3a32bb0 animationHoverImg has_height has_ratio align_none\"><div class=\"w-image-h\"><div style=\"padding-bottom:137.1571%\"><\/div><img decoding=\"async\" width=\"768\" height=\"1024\" src=\"https:\/\/kiricostain.com\/wp-content\/uploads\/2025\/06\/IMG_3328-1-768x1024.webp\" class=\"attachment-large size-large\" alt=\"\" loading=\"lazy\" \/><\/div><\/div><\/div><div class=\"w-text us_custom_43c03764\"><span class=\"w-text-h\"><span class=\"w-text-value\">David Covid<\/span><\/span><\/div><div class=\"wpb_text_column us_custom_97a72161 textElipsis\"><div class=\"wpb_wrapper\"><p>He is without a doubt one of the greatest villains of this century!<\/p>\n<\/div><\/div><div class=\"w-btn-wrapper align_none\"><a class=\"w-btn us-btn-style_3 us_custom_38cb1a3b text_none\" aria-label=\"Button\" href=\"https:\/\/kiricostain.com\/en\/david-covid\/\"><\/a><\/div><\/div><div class=\"w-vwrapper us_custom_28d468b9 align_center valign_top\" style=\"--vwrapper-gap:0px\"><div class=\"w-hwrapper us_custom_2301ff22 valign_top align_none\"><div class=\"w-image us_custom_b5cf3bc8 animationHoverImg has_height has_ratio align_none\"><div class=\"w-image-h\"><div style=\"padding-bottom:137.1571%\"><\/div><img decoding=\"async\" width=\"768\" height=\"1024\" src=\"https:\/\/kiricostain.com\/wp-content\/uploads\/2025\/06\/DSCN0628-768x1024.webp\" class=\"attachment-large size-large\" alt=\"\" loading=\"lazy\" \/><\/div><\/div><\/div><div class=\"w-text us_custom_43c03764\"><span class=\"w-text-h\"><span class=\"w-text-value\">Gertrudis<\/span><\/span><\/div><div class=\"wpb_text_column us_custom_97a72161 textElipsis\"><div class=\"wpb_wrapper\"><p>Inside her enormous shell, there\u2019s a sweet voice and a big heart.<\/p>\n<\/div><\/div><div class=\"w-btn-wrapper align_none\"><a class=\"w-btn us-btn-style_3 us_custom_38cb1a3b text_none\" aria-label=\"Button\" href=\"https:\/\/kiricostain.com\/en\/tortuguita\/\"><\/a><\/div><\/div><\/div><\/div><\/div><\/div><\/section><section class=\"l-section wpb_row us_custom_3d7cafe2 hide_on_default hide_on_laptops height_auto width_custom\" style=\"--site-content-width:1440px;\"><div class=\"l-section-h i-cf\"><div class=\"g-cols vc_row via_grid cols_1 laptops-cols_inherit tablets-cols_inherit mobiles-cols_1 valign_middle type_default stacking_default\" style=\"--columns-gap:20px;\"><div class=\"wpb_column vc_column_container\"><div class=\"vc_column-inner\"><div class=\"w-grid us_custom_35037dca imgHomeKiricoProductos type_carousel layout_1379 containerCajaCuadricula overflow_hidden items_3\" id=\"us_grid_1\" style=\"--items:3;--gap:8px;\"><style>.layout_1379 .w-grid-item-h{}.layout_1379 .usg_image_1{width:100%!important;border-radius:20px!important}.layout_1379 .usg_post_title_1{color:#2C2928!important;text-align:center!important;text-transform:none!important;font:normal 400 20px \/ 30px Yellix Regular!important}.layout_1379 .usg_btn_1{width:max-content!important;background:url(https:\/\/kiricostain.com\/wp-content\/uploads\/2025\/07\/arrow-right.svg) no-repeat 12px!important;padding:12px 30px 12px 16px!important}.layout_1379 .usg_post_custom_field_1{color:#2C2928!important;text-align:center!important;font-size:16px!important;line-height:26px!important}<\/style><div class=\"w-grid-list owl-carousel valign_stretch dotstyle_circle navstyle_circle navpos_outside owl-responsive-2000 with_arrows\" style=\"--transition-duration:350ms;--arrows-size:1.5rem;\">\t<article class=\"w-grid-item post-1267 product type-product status-publish has-post-thumbnail product_cat-sin-categorizar first instock taxable shipping-taxable purchasable product-type-simple\" data-id=\"1267\">\r\n\t\t<div class=\"w-grid-item-h\">\r\n\t\t\t\t\t\t<div class=\"w-image usg_image_1 imgHomeKiricoProductos has_ratio\"><a href=\"https:\/\/kiricostain.com\/en\/product\/chavi-m-conroy\/\" aria-label=\"IMG_8657\" class=\"w-image-h\"><div style=\"padding-bottom:137.1571%\"><\/div><img decoding=\"async\" width=\"1200\" height=\"1600\" src=\"https:\/\/kiricostain.com\/wp-content\/uploads\/2025\/07\/IMG_8657.webp\" class=\"attachment-full size-full\" alt=\"\" loading=\"lazy\" \/><\/a><\/div><div class=\"w-vwrapper usg_vwrapper_1 align_center valign_top\"><h2 class=\"w-post-elm post_title usg_post_title_1 has_text_color align_center woocommerce-loop-product__title color_link_inherit\"><a href=\"https:\/\/kiricostain.com\/en\/product\/chavi-m-conroy\/\">Chavi M Conroy<\/a><\/h2><div class=\"w-post-elm post_custom_field usg_post_custom_field_1 textElipsis has_text_color type_text campo_texto_card_producto_personalizado\"><span class=\"w-post-elm-value\">Chavi is a friendly and cheerful guy from Santa Clarita, California. He likes to look sharp, enjoys music, dancing, and the sound of engines when hitting the accelerator. \u201cBut without a doubt, what he does best is being a great friend.\u201d<\/span><\/div><a class=\"w-btn us-btn-style_3 usg_btn_1 text_none\" aria-label=\"Button\" href=\"https:\/\/kiricostain.com\/en\/product\/chavi-m-conroy\/\"><\/a><\/div>\t\t<\/div>\r\n\t\t\t<\/article>\r\n\t<article class=\"w-grid-item post-1320 product type-product status-publish has-post-thumbnail product_cat-sin-categorizar  instock taxable shipping-taxable purchasable product-type-simple\" data-id=\"1320\">\r\n\t\t<div class=\"w-grid-item-h\">\r\n\t\t\t\t\t\t<div class=\"w-image usg_image_1 imgHomeKiricoProductos has_ratio\"><a href=\"https:\/\/kiricostain.com\/en\/product\/mr-president\/\" aria-label=\"Trump13\" class=\"w-image-h\"><div style=\"padding-bottom:137.1571%\"><\/div><img decoding=\"async\" width=\"1200\" height=\"1600\" src=\"https:\/\/kiricostain.com\/wp-content\/uploads\/2025\/06\/Trump13-1.webp\" class=\"attachment-full size-full\" alt=\"\" loading=\"lazy\" \/><\/a><\/div><div class=\"w-vwrapper usg_vwrapper_1 align_center valign_top\"><h2 class=\"w-post-elm post_title usg_post_title_1 has_text_color align_center woocommerce-loop-product__title color_link_inherit\"><a href=\"https:\/\/kiricostain.com\/en\/product\/mr-president\/\">Mr. President<\/a><\/h2><div class=\"w-post-elm post_custom_field usg_post_custom_field_1 textElipsis has_text_color type_text campo_texto_card_producto_personalizado\"><span class=\"w-post-elm-value\">He is the small yet great leader of the PROPERTY-HOLDING COMPANY and now the Number One among the big shots of the north. <\/span><\/div><a class=\"w-btn us-btn-style_3 usg_btn_1 text_none\" aria-label=\"Button\" href=\"https:\/\/kiricostain.com\/en\/product\/mr-president\/\"><\/a><\/div>\t\t<\/div>\r\n\t\t\t<\/article>\r\n\t<article class=\"w-grid-item post-1328 product type-product status-publish has-post-thumbnail product_cat-sin-categorizar last instock taxable shipping-taxable product-type-simple\" data-id=\"1328\">\r\n\t\t<div class=\"w-grid-item-h\">\r\n\t\t\t\t\t\t<div class=\"w-image usg_image_1 imgHomeKiricoProductos has_ratio\"><a href=\"https:\/\/kiricostain.com\/en\/tortuguita\/\" aria-label=\"DSCN0628\" class=\"w-image-h\"><div style=\"padding-bottom:137.1571%\"><\/div><img decoding=\"async\" width=\"1200\" height=\"1600\" src=\"https:\/\/kiricostain.com\/wp-content\/uploads\/2025\/06\/DSCN0628.webp\" class=\"attachment-full size-full\" alt=\"\" loading=\"lazy\" \/><\/a><\/div><div class=\"w-vwrapper usg_vwrapper_1 align_center valign_top\"><h2 class=\"w-post-elm post_title usg_post_title_1 has_text_color align_center woocommerce-loop-product__title color_link_inherit\"><a href=\"https:\/\/kiricostain.com\/en\/tortuguita\/\">Gertrudis<\/a><\/h2><div class=\"w-post-elm post_custom_field usg_post_custom_field_1 textElipsis has_text_color type_text campo_texto_card_producto_personalizado\"><span class=\"w-post-elm-value\">Dentro de su enorme caparaz\u00f3n hay una linda voz y un gran coraz\u00f3n. Es la artista con m\u00e1s talento en el orden de los Testudines del reino animal.<\/span><\/div><a class=\"w-btn us-btn-style_3 usg_btn_1 text_none\" aria-label=\"Button\" href=\"https:\/\/kiricostain.com\/en\/tortuguita\/\"><\/a><\/div>\t\t<\/div>\r\n\t\t\t<\/article>\r\n\t<article class=\"w-grid-item post-1338 product type-product status-publish has-post-thumbnail product_cat-sin-categorizar first instock taxable shipping-taxable product-type-simple\" data-id=\"1338\">\r\n\t\t<div class=\"w-grid-item-h\">\r\n\t\t\t\t\t\t<div class=\"w-image usg_image_1 imgHomeKiricoProductos has_ratio\"><a href=\"https:\/\/kiricostain.com\/en\/product\/david-covid\/\" aria-label=\"IMG_3328\" class=\"w-image-h\"><div style=\"padding-bottom:137.1571%\"><\/div><img decoding=\"async\" width=\"802\" height=\"1100\" src=\"https:\/\/kiricostain.com\/wp-content\/uploads\/2025\/06\/IMG_3328.webp\" class=\"attachment-full size-full\" alt=\"\" loading=\"lazy\" \/><\/a><\/div><div class=\"w-vwrapper usg_vwrapper_1 align_center valign_top\"><h2 class=\"w-post-elm post_title usg_post_title_1 has_text_color align_center woocommerce-loop-product__title color_link_inherit\"><a href=\"https:\/\/kiricostain.com\/en\/product\/david-covid\/\">David Covid<\/a><\/h2><div class=\"w-post-elm post_custom_field usg_post_custom_field_1 textElipsis has_text_color type_text campo_texto_card_producto_personalizado\"><span class=\"w-post-elm-value\">prueba<\/span><\/div><a class=\"w-btn us-btn-style_3 usg_btn_1 text_none\" aria-label=\"Button\" href=\"https:\/\/kiricostain.com\/en\/product\/david-covid\/\"><\/a><\/div>\t\t<\/div>\r\n\t\t\t<\/article>\r\n\t<article class=\"w-grid-item post-1347 product type-product status-publish has-post-thumbnail product_cat-sin-categorizar  instock taxable shipping-taxable product-type-simple\" data-id=\"1347\">\r\n\t\t<div class=\"w-grid-item-h\">\r\n\t\t\t\t\t\t<div class=\"w-image usg_image_1 imgHomeKiricoProductos has_ratio\"><div class=\"w-image-h\"><div style=\"padding-bottom:137.1571%\"><\/div><img decoding=\"async\" width=\"802\" height=\"1100\" src=\"https:\/\/kiricostain.com\/wp-content\/uploads\/2025\/06\/DSCF3392.webp\" class=\"attachment-full size-full\" alt=\"\" loading=\"lazy\" \/><\/div><\/div><div class=\"w-vwrapper usg_vwrapper_1 align_center valign_top\"><h2 class=\"w-post-elm post_title usg_post_title_1 has_text_color align_center woocommerce-loop-product__title color_link_inherit\">J.T. Little<\/h2><div class=\"w-post-elm post_custom_field usg_post_custom_field_1 textElipsis has_text_color type_text campo_texto_card_producto_personalizado\"><span class=\"w-post-elm-value\">Lorem ipsum dolor sit amet consectetur. Integer tellus suspendisse orci nec justo vel risus felis. Ut proin pharetra pellentesque in.<\/span><\/div><button class=\"w-btn us-btn-style_3 usg_btn_1 text_none\" aria-label=\"Button\"><\/button><\/div>\t\t<\/div>\r\n\t\t\t<\/article>\r\n<\/div>\t<div class=\"g-preloader type_1\">\r\n\t\t<div><\/div>\r\n\t<\/div>\r\n\t\t<div class=\"w-grid-json hidden\" onclick='return {&quot;action&quot;:&quot;us_ajax_grid&quot;,&quot;infinite_scroll&quot;:0,&quot;max_num_pages&quot;:1,&quot;pagination&quot;:&quot;none&quot;,&quot;template_vars&quot;:{&quot;columns&quot;:&quot;&quot;,&quot;exclude_items&quot;:&quot;none&quot;,&quot;img_size&quot;:&quot;full&quot;,&quot;ignore_items_size&quot;:0,&quot;items_layout&quot;:&quot;1379&quot;,&quot;items_offset&quot;:&quot;0px&quot;,&quot;load_animation&quot;:&quot;none&quot;,&quot;overriding_link&quot;:&quot;{\\&quot;url\\&quot;:\\&quot;\\&quot;}&quot;,&quot;post_id&quot;:0,&quot;query_args&quot;:{&quot;post_type&quot;:[&quot;product&quot;],&quot;post_status&quot;:[&quot;publish&quot;,&quot;acf-disabled&quot;],&quot;meta_query&quot;:[],&quot;tax_query&quot;:[{&quot;taxonomy&quot;:&quot;product_visibility&quot;,&quot;field&quot;:&quot;slug&quot;,&quot;terms&quot;:[&quot;exclude-from-catalog&quot;],&quot;operator&quot;:&quot;NOT IN&quot;}],&quot;posts_per_page&quot;:&quot;10&quot;},&quot;orderby_query_args&quot;:{&quot;orderby&quot;:{&quot;date&quot;:&quot;ASC&quot;}},&quot;type&quot;:&quot;carousel&quot;,&quot;us_grid_post_type&quot;:&quot;product&quot;,&quot;us_grid_ajax_index&quot;:1,&quot;us_grid_filter_query_string&quot;:null,&quot;us_grid_index&quot;:1,&quot;page_args&quot;:[]},&quot;carousel_settings&quot;:{&quot;aria_labels&quot;:{&quot;prev&quot;:&quot;Previous&quot;,&quot;next&quot;:&quot;Next&quot;},&quot;autoplayContinual&quot;:false,&quot;autoplayHoverPause&quot;:false,&quot;autoplayTimeout&quot;:3000,&quot;autoWidth&quot;:false,&quot;smartSpeed&quot;:350,&quot;margin&quot;:0,&quot;mouseDrag&quot;:true,&quot;rtl&quot;:false,&quot;slideBy&quot;:&quot;1&quot;,&quot;touchDrag&quot;:true,&quot;slideTransition&quot;:&quot;&quot;,&quot;responsive&quot;:{&quot;0&quot;:{&quot;autoHeight&quot;:false,&quot;autoplay&quot;:false,&quot;autoWidth&quot;:false,&quot;center&quot;:false,&quot;dots&quot;:true,&quot;items&quot;:1,&quot;loop&quot;:false,&quot;nav&quot;:false,&quot;stagePadding&quot;:0,&quot;slideBy&quot;:&quot;1&quot;},&quot;601&quot;:{&quot;autoHeight&quot;:false,&quot;autoplay&quot;:false,&quot;autoWidth&quot;:false,&quot;center&quot;:false,&quot;dots&quot;:true,&quot;items&quot;:2,&quot;loop&quot;:false,&quot;nav&quot;:false,&quot;stagePadding&quot;:0,&quot;slideBy&quot;:&quot;1&quot;},&quot;1025&quot;:{&quot;autoHeight&quot;:false,&quot;autoplay&quot;:false,&quot;autoWidth&quot;:false,&quot;center&quot;:false,&quot;dots&quot;:false,&quot;items&quot;:3,&quot;loop&quot;:false,&quot;nav&quot;:false,&quot;stagePadding&quot;:0,&quot;slideBy&quot;:&quot;1&quot;},&quot;1381&quot;:{&quot;items&quot;:3,&quot;autoplay&quot;:false,&quot;center&quot;:false,&quot;dots&quot;:false,&quot;nav&quot;:true,&quot;autoHeight&quot;:false,&quot;autoWidth&quot;:false,&quot;loop&quot;:true,&quot;stagePadding&quot;:0}}}}'><\/div>\r\n\t<\/div><\/div><\/div><\/div><\/div><\/section>","protected":false},"excerpt":{"rendered":"","protected":false},"author":1,"featured_media":0,"parent":0,"menu_order":0,"comment_status":"closed","ping_status":"closed","template":"","meta":{"_acf_changed":false,"footnotes":""},"class_list":["post-603","page","type-page","status-publish","hentry"],"acf":[],"aioseo_notices":[],"jetpack_sharing_enabled":true,"_links":{"self":[{"href":"https:\/\/kiricostain.com\/en\/wp-json\/wp\/v2\/pages\/603","targetHints":{"allow":["GET"]}}],"collection":[{"href":"https:\/\/kiricostain.com\/en\/wp-json\/wp\/v2\/pages"}],"about":[{"href":"https:\/\/kiricostain.com\/en\/wp-json\/wp\/v2\/types\/page"}],"author":[{"embeddable":true,"href":"https:\/\/kiricostain.com\/en\/wp-json\/wp\/v2\/users\/1"}],"replies":[{"embeddable":true,"href":"https:\/\/kiricostain.com\/en\/wp-json\/wp\/v2\/comments?post=603"}],"version-history":[{"count":121,"href":"https:\/\/kiricostain.com\/en\/wp-json\/wp\/v2\/pages\/603\/revisions"}],"predecessor-version":[{"id":1633,"href":"https:\/\/kiricostain.com\/en\/wp-json\/wp\/v2\/pages\/603\/revisions\/1633"}],"wp:attachment":[{"href":"https:\/\/kiricostain.com\/en\/wp-json\/wp\/v2\/media?parent=603"}],"curies":[{"name":"wp","href":"https:\/\/api.w.org\/{rel}","templated":true}]}}