{"id":523,"date":"2025-06-06T06:05:00","date_gmt":"2025-06-06T06:05:00","guid":{"rendered":"https:\/\/kiricostain.com\/?page_id=523"},"modified":"2025-07-11T07:39:35","modified_gmt":"2025-07-11T07:39:35","slug":"el-taller","status":"publish","type":"page","link":"https:\/\/kiricostain.com\/en\/el-taller\/","title":{"rendered":"The workshop"},"content":{"rendered":"<section class=\"l-section wpb_row us_custom_2d466fa0 height_auto width_custom\" style=\"--site-content-width:1440px;\"><div class=\"l-section-h i-cf\"><div class=\"g-cols vc_row via_grid cols_2 laptops-cols_inherit tablets-cols_inherit mobiles-cols_1 valign_middle type_default stacking_default\" style=\"--columns-gap:3rem;--laptops-columns-gap:3rem;--tablets-columns-gap:64px;--mobiles-columns-gap:3rem;\"><div class=\"wpb_column vc_column_container\"><div class=\"vc_column-inner\"><div class=\"w-text us_custom_39d5e2d6 has_text_color\"><span class=\"w-text-h\"><span class=\"w-text-value\">KiricoStain<\/span><\/span><\/div><div class=\"w-vwrapper align_none valign_top\" style=\"--vwrapper-gap:0px\"><p class=\"w-text us_custom_7a77acab has_text_color\"><span class=\"w-text-h\"><span class=\"w-text-value\">A Tool Can Also<\/span><\/span><\/p><p class=\"w-text us_custom_7a77acab has_text_color\"><span class=\"w-text-h\"><span class=\"w-text-value\">Be Fun<\/span><\/span><\/p><\/div><\/div><\/div><div class=\"wpb_column vc_column_container hide_on_mobiles\"><div class=\"vc_column-inner\"><div class=\"w-image us_custom_b3eddc60 align_center\"><div class=\"w-image-h\"><img decoding=\"async\" width=\"2105\" height=\"2560\" src=\"https:\/\/kiricostain.com\/wp-content\/uploads\/2025\/06\/cabeza-gris-1-scaled.png\" class=\"attachment-full size-full\" alt=\"\" loading=\"lazy\" srcset=\"https:\/\/kiricostain.com\/wp-content\/uploads\/2025\/06\/cabeza-gris-1-scaled.png 2105w, https:\/\/kiricostain.com\/wp-content\/uploads\/2025\/06\/cabeza-gris-1-247x300.png 247w, https:\/\/kiricostain.com\/wp-content\/uploads\/2025\/06\/cabeza-gris-1-842x1024.png 842w, https:\/\/kiricostain.com\/wp-content\/uploads\/2025\/06\/cabeza-gris-1-10x12.png 10w, https:\/\/kiricostain.com\/wp-content\/uploads\/2025\/06\/cabeza-gris-1-301x366.png 301w, https:\/\/kiricostain.com\/wp-content\/uploads\/2025\/06\/cabeza-gris-1-1320x1605.png 1320w, https:\/\/kiricostain.com\/wp-content\/uploads\/2025\/06\/cabeza-gris-1-600x730.png 600w\" sizes=\"auto, (max-width: 2105px) 100vw, 2105px\" \/><\/div><\/div><\/div><\/div><\/div><\/div><\/section><section class=\"l-section wpb_row us_custom_ed73ca29 height_auto\"><div class=\"l-section-h i-cf\"><div class=\"g-cols vc_row via_grid cols_2-1 laptops-cols_inherit tablets-cols_inherit mobiles-cols_1 valign_middle type_default stacking_default\" style=\"--columns-gap:50px;--laptops-columns-gap:50px;--tablets-columns-gap:50px;--mobiles-columns-gap:20px;\"><div class=\"wpb_column vc_column_container\"><div class=\"vc_column-inner\"><div class=\"w-image us_custom_ec7225c1 objectFicCover has_height has_ratio align_none\"><div class=\"w-image-h\"><div style=\"padding-bottom:64.7821%\"><\/div><img decoding=\"async\" width=\"1024\" height=\"663\" src=\"https:\/\/kiricostain.com\/wp-content\/uploads\/2025\/06\/Chavi28-1024x663.webp\" class=\"attachment-large size-large\" alt=\"\" loading=\"lazy\" \/><\/div><\/div><\/div><\/div><div class=\"wpb_column vc_column_container\"><div class=\"vc_column-inner\"><div class=\"w-vwrapper align_none valign_top\"><div class=\"wpb_text_column us_custom_93aa53ef has_text_color\"><div class=\"wpb_wrapper\"><p>At Kirico, we want to preserve the tradition of classic mechanisms as a tribute to all those puppets and constructions that have enriched our lives.<\/p>\n<\/div><\/div><\/div><\/div><\/div><\/div><\/div><\/section><section class=\"l-section wpb_row us_custom_7052b0c9 height_auto\"><div class=\"l-section-h i-cf\"><div class=\"g-cols vc_row via_grid cols_1-2 laptops-cols_inherit tablets-cols_inherit mobiles-cols_1 valign_middle type_default reversed stacking_default\" style=\"--columns-gap:50px;--laptops-columns-gap:50px;--tablets-columns-gap:50px;--mobiles-columns-gap:20px;\"><div class=\"wpb_column vc_column_container\"><div class=\"vc_column-inner\"><div class=\"w-vwrapper align_none valign_top\"><div class=\"wpb_text_column us_custom_2936eb91 has_text_color\"><div class=\"wpb_wrapper\"><p>All the mechanisms found both inside and in the main control are easily accessible and mechanically simple. Access to the interior is through a cap with magnets.<\/p>\n<\/div><\/div><\/div><\/div><\/div><div class=\"wpb_column vc_column_container\"><div class=\"vc_column-inner\"><div class=\"w-image us_custom_ec7225c1 objectFicCover has_height has_ratio align_none\"><div class=\"w-image-h\"><div style=\"padding-bottom:64.7821%\"><\/div><img decoding=\"async\" width=\"1024\" height=\"663\" src=\"https:\/\/kiricostain.com\/wp-content\/uploads\/2025\/06\/Chavi24-1024x663.jpg\" class=\"attachment-large size-large\" alt=\"\" loading=\"lazy\" \/><\/div><\/div><\/div><\/div><\/div><\/div><\/section><section class=\"l-section wpb_row us_custom_ed73ca29 height_auto\"><div class=\"l-section-h i-cf\"><div class=\"g-cols vc_row via_grid cols_1 laptops-cols_inherit tablets-cols_inherit mobiles-cols_1 valign_top type_default stacking_default\"><div class=\"wpb_column vc_column_container us_custom_435c636a\"><div class=\"vc_column-inner\"><div class=\"w-text us_custom_17013b61\"><span class=\"w-text-h\"><span class=\"w-text-value\">Processes<\/span><\/span><\/div><div class=\"w-text us_custom_c3463f49\"><span class=\"w-text-h\"><span class=\"w-text-value\">Here you can see some of the processes and materials we use.<\/span><\/span><\/div><\/div><\/div><div class=\"wpb_column vc_column_container\"><div class=\"vc_column-inner\"><div class=\"g-cols wpb_row via_grid cols_3 laptops-cols_inherit tablets-cols_2 mobiles-cols_1 valign_top type_default stacking_default\" style=\"--columns-gap:3rem;\"><div class=\"wpb_column vc_column_container\"><div class=\"vc_column-inner\"><div class=\"w-vwrapper align_none valign_top\"><div class=\"w-image us_custom_213e151c has_ratio align_none\"><div class=\"w-image-h\"><div style=\"padding-bottom:100%\"><\/div><img decoding=\"async\" width=\"1024\" height=\"1024\" src=\"https:\/\/kiricostain.com\/wp-content\/uploads\/2025\/06\/Trump23-1-1024x1024.webp\" class=\"attachment-large size-large\" alt=\"\" loading=\"lazy\" \/><\/div><\/div><div class=\"w-text us_custom_a80b1195\"><span class=\"w-text-h\"><span class=\"w-text-value\">Preparation of the first half of the mold. We create a clay barrier with mechanical locks so that the two parts of the mold fit together and close properly.<\/span><\/span><\/div><\/div><\/div><\/div><div class=\"wpb_column vc_column_container\"><div class=\"vc_column-inner\"><div class=\"w-vwrapper align_none valign_top\"><div class=\"w-image us_custom_213e151c has_ratio align_none\"><div class=\"w-image-h\"><div style=\"padding-bottom:100%\"><\/div><img decoding=\"async\" width=\"1024\" height=\"1024\" src=\"https:\/\/kiricostain.com\/wp-content\/uploads\/2025\/06\/1600x1600-6-1024x1024.webp\" class=\"attachment-large size-large\" alt=\"\" loading=\"lazy\" \/><\/div><\/div><div class=\"w-text us_custom_a80b1195\"><span class=\"w-text-h\"><span class=\"w-text-value\">Copies of heads in polyurethane resin. Some of them with the final paint applied.<\/span><\/span><\/div><\/div><\/div><\/div><div class=\"wpb_column vc_column_container\"><div class=\"vc_column-inner\"><div class=\"w-vwrapper align_none valign_top\"><div class=\"w-image us_custom_213e151c has_ratio align_none\"><div class=\"w-image-h\"><div style=\"padding-bottom:100%\"><\/div><img decoding=\"async\" width=\"1024\" height=\"1024\" src=\"https:\/\/kiricostain.com\/wp-content\/uploads\/2025\/06\/IMG_8652-1024x1024.webp\" class=\"attachment-large size-large\" alt=\"\" loading=\"lazy\" \/><\/div><\/div><div class=\"w-text us_custom_a80b1195\"><span class=\"w-text-h\"><span class=\"w-text-value\">Feet in polyurethane resin. Final paint finish.<\/span><\/span><\/div><\/div><\/div><\/div><div class=\"wpb_column vc_column_container\"><div class=\"vc_column-inner\"><div class=\"w-vwrapper align_none valign_top\"><div class=\"w-image us_custom_213e151c has_ratio align_none\"><div class=\"w-image-h\"><div style=\"padding-bottom:100%\"><\/div><img decoding=\"async\" width=\"1024\" height=\"1024\" src=\"https:\/\/kiricostain.com\/wp-content\/uploads\/2025\/06\/IMG_8805-1024x1024.webp\" class=\"attachment-large size-large\" alt=\"\" loading=\"lazy\" \/><\/div><\/div><div class=\"w-text us_custom_a80b1195\"><span class=\"w-text-h\"><span class=\"w-text-value\">Copies of hands in polyurethane resin. With the base color applied.<\/span><\/span><\/div><\/div><\/div><\/div><div class=\"wpb_column vc_column_container\"><div class=\"vc_column-inner\"><div class=\"w-vwrapper align_none valign_top\"><div class=\"w-image us_custom_213e151c has_ratio align_none\"><div class=\"w-image-h\"><div style=\"padding-bottom:100%\"><\/div><img decoding=\"async\" width=\"1024\" height=\"1024\" src=\"https:\/\/kiricostain.com\/wp-content\/uploads\/2025\/07\/1600x1600-copia-1024x1024.webp\" class=\"attachment-large size-large\" alt=\"\" loading=\"lazy\" \/><\/div><\/div><div class=\"w-text us_custom_a80b1195\"><span class=\"w-text-h\"><span class=\"w-text-value\">Various pieces in polyurethane resin. With the first layers of paint applied.<\/span><\/span><\/div><\/div><\/div><\/div><div class=\"wpb_column vc_column_container\"><div class=\"vc_column-inner\"><div class=\"w-vwrapper align_none valign_top\"><div class=\"w-image us_custom_213e151c has_ratio align_none\"><div class=\"w-image-h\"><div style=\"padding-bottom:100%\"><\/div><img decoding=\"async\" width=\"1024\" height=\"1024\" src=\"https:\/\/kiricostain.com\/wp-content\/uploads\/2025\/06\/IMG_3182-1024x1024.webp\" class=\"attachment-large size-large\" alt=\"\" loading=\"lazy\" \/><\/div><\/div><div class=\"w-text us_custom_a80b1195\"><span class=\"w-text-h\"><span class=\"w-text-value\">Finished heads. Fixed and movable eyes.<\/span><\/span><\/div><\/div><\/div><\/div><\/div><\/div><\/div><\/div><\/div><\/section>","protected":false},"excerpt":{"rendered":"KiricoStainUna herramienta tambi\u00e9npuede ser divertidaEn Kirico queremos conservar la tradici\u00f3n de los mecanismos cl\u00e1sicos como un homenaje a todos aquellos mu\u00f1ecos y construcciones que han enriquecido nuestras vidas. Todos los...","protected":false},"author":1,"featured_media":0,"parent":0,"menu_order":0,"comment_status":"closed","ping_status":"closed","template":"","meta":{"_acf_changed":false,"footnotes":""},"class_list":["post-523","page","type-page","status-publish","hentry"],"acf":[],"aioseo_notices":[],"jetpack_sharing_enabled":true,"_links":{"self":[{"href":"https:\/\/kiricostain.com\/en\/wp-json\/wp\/v2\/pages\/523","targetHints":{"allow":["GET"]}}],"collection":[{"href":"https:\/\/kiricostain.com\/en\/wp-json\/wp\/v2\/pages"}],"about":[{"href":"https:\/\/kiricostain.com\/en\/wp-json\/wp\/v2\/types\/page"}],"author":[{"embeddable":true,"href":"https:\/\/kiricostain.com\/en\/wp-json\/wp\/v2\/users\/1"}],"replies":[{"embeddable":true,"href":"https:\/\/kiricostain.com\/en\/wp-json\/wp\/v2\/comments?post=523"}],"version-history":[{"count":69,"href":"https:\/\/kiricostain.com\/en\/wp-json\/wp\/v2\/pages\/523\/revisions"}],"predecessor-version":[{"id":1592,"href":"https:\/\/kiricostain.com\/en\/wp-json\/wp\/v2\/pages\/523\/revisions\/1592"}],"wp:attachment":[{"href":"https:\/\/kiricostain.com\/en\/wp-json\/wp\/v2\/media?parent=523"}],"curies":[{"name":"wp","href":"https:\/\/api.w.org\/{rel}","templated":true}]}}