{"id":504,"date":"2025-06-06T05:19:15","date_gmt":"2025-06-06T05:19:15","guid":{"rendered":"https:\/\/kiricostain.com\/?page_id=504"},"modified":"2025-07-02T11:35:02","modified_gmt":"2025-07-02T11:35:02","slug":"acerca-de-kirico","status":"publish","type":"page","link":"https:\/\/kiricostain.com\/en\/acerca-de-kirico\/","title":{"rendered":"About Kirico"},"content":{"rendered":"<section class=\"l-section wpb_row us_custom_2d466fa0 height_auto width_custom\" style=\"--site-content-width:1440px;\"><div class=\"l-section-h i-cf\"><div class=\"g-cols vc_row via_grid cols_3-2 laptops-cols_inherit tablets-cols_inherit mobiles-cols_1 valign_middle type_default stacking_default\" style=\"--columns-gap:3rem;--laptops-columns-gap:3rem;--tablets-columns-gap:64px;--mobiles-columns-gap:3rem;\"><div class=\"wpb_column vc_column_container\"><div class=\"vc_column-inner\"><div class=\"w-text us_custom_39d5e2d6 has_text_color\"><span class=\"w-text-h\"><span class=\"w-text-value\">KiricoStain<\/span><\/span><\/div><div class=\"w-vwrapper align_none valign_top\" style=\"--vwrapper-gap:0px\"><p class=\"w-text us_custom_7a77acab has_text_color\"><span class=\"w-text-h\"><span class=\"w-text-value\">They are not toys,<\/span><\/span><\/p><p class=\"w-text us_custom_7a77acab has_text_color\"><span class=\"w-text-h\"><span class=\"w-text-value\">we make work tools<\/span><\/span><\/p><\/div><\/div><\/div><div class=\"wpb_column vc_column_container hide_on_mobiles\"><div class=\"vc_column-inner\"><div class=\"w-image us_custom_b3eddc60 align_center\"><div class=\"w-image-h\"><img decoding=\"async\" width=\"2105\" height=\"2560\" src=\"https:\/\/kiricostain.com\/wp-content\/uploads\/2025\/06\/cabeza-gris-1-scaled.png\" class=\"attachment-full size-full\" alt=\"\" loading=\"lazy\" srcset=\"https:\/\/kiricostain.com\/wp-content\/uploads\/2025\/06\/cabeza-gris-1-scaled.png 2105w, https:\/\/kiricostain.com\/wp-content\/uploads\/2025\/06\/cabeza-gris-1-247x300.png 247w, https:\/\/kiricostain.com\/wp-content\/uploads\/2025\/06\/cabeza-gris-1-842x1024.png 842w, https:\/\/kiricostain.com\/wp-content\/uploads\/2025\/06\/cabeza-gris-1-10x12.png 10w, https:\/\/kiricostain.com\/wp-content\/uploads\/2025\/06\/cabeza-gris-1-301x366.png 301w, https:\/\/kiricostain.com\/wp-content\/uploads\/2025\/06\/cabeza-gris-1-1320x1605.png 1320w, https:\/\/kiricostain.com\/wp-content\/uploads\/2025\/06\/cabeza-gris-1-600x730.png 600w\" sizes=\"auto, (max-width: 2105px) 100vw, 2105px\" \/><\/div><\/div><\/div><\/div><\/div><\/div><\/section><section class=\"l-section wpb_row us_custom_ed73ca29 height_auto\"><div class=\"l-section-h i-cf\"><div class=\"g-cols vc_row via_grid cols_2-1 laptops-cols_inherit tablets-cols_2 mobiles-cols_1 valign_middle type_default stacking_default\" style=\"--columns-gap:50px;--laptops-columns-gap:50px;--tablets-columns-gap:50px;--mobiles-columns-gap:20px;\"><div class=\"wpb_column vc_column_container\"><div class=\"vc_column-inner\"><div class=\"w-image us_custom_5fa2c96d objectFicCover has_height has_ratio align_none\"><div class=\"w-image-h\"><div style=\"padding-bottom:100%\"><\/div><img decoding=\"async\" width=\"1024\" height=\"811\" src=\"https:\/\/kiricostain.com\/wp-content\/uploads\/2025\/06\/Taller-Mando-1024x811.webp\" class=\"attachment-large size-large\" alt=\"\" loading=\"lazy\" \/><\/div><\/div><\/div><\/div><div class=\"wpb_column vc_column_container\"><div class=\"vc_column-inner\"><div class=\"w-vwrapper align_none valign_top\"><div class=\"w-text us_custom_6670717c has_text_color\"><span class=\"w-text-h\"><span class=\"w-text-value\">The origin of KiricoStain<\/span><\/span><\/div><div class=\"wpb_text_column us_custom_93aa53ef has_text_color\"><div class=\"wpb_wrapper\"><p>Our interest in dummies and ventriloquism came mainly from theater, TV, and cinema when we were children. Now, as adults, we have the privilege of collaborating in the wonderful world of audiovisual media and entertainment.<\/p>\n<\/div><\/div><\/div><\/div><\/div><\/div><\/div><\/section><section class=\"l-section wpb_row us_custom_7052b0c9 height_auto\"><div class=\"l-section-h i-cf\"><div class=\"g-cols vc_row via_grid cols_2-1 laptops-cols_inherit tablets-cols_2 mobiles-cols_1 valign_middle type_default reversed stacking_default\" style=\"--columns-gap:50px;\"><div class=\"wpb_column vc_column_container\"><div class=\"vc_column-inner\"><div class=\"w-vwrapper align_none valign_top\"><div class=\"w-text us_custom_4f131b34 has_text_color\"><span class=\"w-text-h\"><span class=\"w-text-value\">Armando \u00c1ngeles<\/span><\/span><\/div><div class=\"w-text us_custom_25905012 has_text_color\"><span class=\"w-text-h\"><span class=\"w-text-value\">Puppet designer and builder.<\/span><\/span><\/div><div class=\"wpb_text_column us_custom_2936eb91 has_text_color\"><div class=\"wpb_wrapper\"><p>The leap from visual arts to the world of puppetry happened by chance. In my youth, it was purely a work-related matter, but today I see it as another path to artistic expression.<\/p>\n<p>Twenty-five years of professional experience, along with the opportunity to work in renowned workshops and studios, and alongside excellent colleagues and teachers, have given me a solid foundation as a character creator.<\/p>\n<\/div><\/div><\/div><div class=\"w-hwrapper us_custom_ceee5369 valign_top default_align_none laptops_align_none tablets_align_none mobiles_align_center\"><div class=\"w-image us_custom_cf62abf2 has_height align_none\"><a href=\"https:\/\/www.facebook.com\/armando.a.acosta.5?rdid=FzydTjYt6XbCKkec&amp;share_url=https:\/\/www.facebook.com\/share\/1FjvcXKRAc\/#\" aria-label=\"Facebook\" class=\"w-image-h\"><img decoding=\"async\" width=\"1024\" height=\"1024\" src=\"https:\/\/kiricostain.com\/wp-content\/uploads\/2025\/06\/Facebook.svg\" class=\"attachment-large size-large\" alt=\"\" loading=\"lazy\" \/><\/a><\/div><div class=\"w-image us_custom_cf62abf2 has_height align_none\"><a href=\"https:\/\/www.instagram.com\/arangeles_a?igsh=ZTV0ZmE3eXR2aTc3\" aria-label=\"Instagram\" class=\"w-image-h\"><img decoding=\"async\" width=\"1024\" height=\"1024\" src=\"https:\/\/kiricostain.com\/wp-content\/uploads\/2025\/06\/Instagram.svg\" class=\"attachment-large size-large\" alt=\"\" loading=\"lazy\" \/><\/a><\/div><\/div><\/div><\/div><div class=\"wpb_column vc_column_container\"><div class=\"vc_column-inner\"><div class=\"w-image us_custom_3240aab0 objectFicCover has_height has_ratio align_right\"><div class=\"w-image-h\"><div style=\"padding-bottom:177.7778%\"><\/div><img decoding=\"async\" width=\"1200\" height=\"1600\" src=\"https:\/\/kiricostain.com\/wp-content\/uploads\/2025\/06\/Mando.webp\" class=\"attachment-full size-full\" alt=\"\" loading=\"lazy\" \/><\/div><\/div><\/div><\/div><\/div><\/div><\/section><section class=\"l-section wpb_row us_custom_91ed657c height_auto\"><div class=\"l-section-h i-cf\"><div class=\"g-cols vc_row via_grid cols_1-2 laptops-cols_inherit tablets-cols_2 mobiles-cols_1 valign_middle type_default stacking_default\" style=\"--columns-gap:50px;\"><div class=\"wpb_column vc_column_container\"><div class=\"vc_column-inner\"><div class=\"w-image us_custom_5f7f0553 objectFicCover has_height has_ratio align_none\"><div class=\"w-image-h\"><div style=\"padding-bottom:177.7778%\"><\/div><img decoding=\"async\" width=\"1200\" height=\"1600\" src=\"https:\/\/kiricostain.com\/wp-content\/uploads\/2025\/07\/Ruben.webp\" class=\"attachment-full size-full\" alt=\"\" loading=\"lazy\" \/><\/div><\/div><\/div><\/div><div class=\"wpb_column vc_column_container\"><div class=\"vc_column-inner\"><div class=\"w-vwrapper align_none valign_top\"><div class=\"w-text us_custom_6670717c has_text_color\"><span class=\"w-text-h\"><span class=\"w-text-value\">Rub\u00e9n Serra<\/span><\/span><\/div><div class=\"w-text us_custom_2b2c7758 has_text_color\"><span class=\"w-text-h\"><span class=\"w-text-value\">Special effects technician.<\/span><\/span><\/div><div class=\"wpb_text_column us_custom_93aa53ef has_text_color\"><div class=\"wpb_wrapper\"><p>Since I was a child, I have been passionate about fantasy, horror, and science fiction films.\nRaised on the works of Jim Henson, among others, and dreaming about his characters, I decided in 2008 to dedicate myself to special effects makeup, where I enjoy creating dummies, props, and sculptures.<\/p>\n<p>The knowledge I\u2019ve gained over the years through colleagues and various workshops \u2014 in sculpture, mold-making, and casting \u2014 I now apply at KiricoStain.\nI like to bring maximum detail, giving characters personality and perfection, creating unique puppets.<\/p>\n<p>Me gusta aportar el m\u00e1ximo detalle, otorgando a los personajes personalidad y perfecci\u00f3n, creando mu\u00f1ecos \u00fanicos.<\/p>\n<\/div><\/div><\/div><div class=\"w-hwrapper us_custom_ceee5369 valign_top default_align_left laptops_align_left tablets_align_left mobiles_align_center\"><div class=\"w-image us_custom_cf62abf2 has_height align_none\"><a href=\"https:\/\/www.imdb.com\/es-es\/name\/nm5138260\/?ref_=ext_shr_lnk\" aria-label=\"Facebook\" class=\"w-image-h\"><img decoding=\"async\" width=\"1024\" height=\"1024\" src=\"https:\/\/kiricostain.com\/wp-content\/uploads\/2025\/06\/Facebook-1.svg\" class=\"attachment-large size-large\" alt=\"\" loading=\"lazy\" \/><\/a><\/div><div class=\"w-image us_custom_cf62abf2 has_height align_none\"><a href=\"https:\/\/www.instagram.com\/rubenserralluesma\/\" aria-label=\"Instagram\" class=\"w-image-h\"><img decoding=\"async\" width=\"1024\" height=\"1024\" src=\"https:\/\/kiricostain.com\/wp-content\/uploads\/2025\/06\/Instagram-1.svg\" class=\"attachment-large size-large\" alt=\"\" loading=\"lazy\" \/><\/a><\/div><\/div><\/div><\/div><\/div><\/div><\/section>","protected":false},"excerpt":{"rendered":"KiricoStainNo son juguetes,hacemos herramientas de trabajoEl origen de KiricoStainNuestra afici\u00f3n por los Dummies y la ventriloqu\u00eda vino principalmente del teatro, la TV y el cine cuando \u00e9ramos ni\u00f1os. Ahora como...","protected":false},"author":1,"featured_media":0,"parent":0,"menu_order":0,"comment_status":"closed","ping_status":"closed","template":"","meta":{"_acf_changed":false,"footnotes":""},"class_list":["post-504","page","type-page","status-publish","hentry"],"acf":[],"aioseo_notices":[],"jetpack_sharing_enabled":true,"_links":{"self":[{"href":"https:\/\/kiricostain.com\/en\/wp-json\/wp\/v2\/pages\/504","targetHints":{"allow":["GET"]}}],"collection":[{"href":"https:\/\/kiricostain.com\/en\/wp-json\/wp\/v2\/pages"}],"about":[{"href":"https:\/\/kiricostain.com\/en\/wp-json\/wp\/v2\/types\/page"}],"author":[{"embeddable":true,"href":"https:\/\/kiricostain.com\/en\/wp-json\/wp\/v2\/users\/1"}],"replies":[{"embeddable":true,"href":"https:\/\/kiricostain.com\/en\/wp-json\/wp\/v2\/comments?post=504"}],"version-history":[{"count":69,"href":"https:\/\/kiricostain.com\/en\/wp-json\/wp\/v2\/pages\/504\/revisions"}],"predecessor-version":[{"id":1519,"href":"https:\/\/kiricostain.com\/en\/wp-json\/wp\/v2\/pages\/504\/revisions\/1519"}],"wp:attachment":[{"href":"https:\/\/kiricostain.com\/en\/wp-json\/wp\/v2\/media?parent=504"}],"curies":[{"name":"wp","href":"https:\/\/api.w.org\/{rel}","templated":true}]}}