{"id":330,"date":"2025-07-08T08:25:39","date_gmt":"2025-07-08T08:25:39","guid":{"rendered":"https:\/\/kiricostain.com\/?page_id=330"},"modified":"2025-07-08T13:36:48","modified_gmt":"2025-07-08T13:36:48","slug":"reembolso_devoluciones","status":"publish","type":"page","link":"https:\/\/kiricostain.com\/en\/reembolso_devoluciones\/","title":{"rendered":"Pol\u00edtica de devoluciones y reembolsos"},"content":{"rendered":"<section class=\"l-section wpb_row us_custom_2d466fa0 height_auto width_custom\" style=\"--site-content-width:1440px;\"><div class=\"l-section-h i-cf\"><div class=\"g-cols vc_row via_grid cols_2 laptops-cols_inherit tablets-cols_inherit mobiles-cols_1 valign_middle type_default stacking_default\" style=\"--columns-gap:3rem;--laptops-columns-gap:3rem;--tablets-columns-gap:64px;--mobiles-columns-gap:3rem;\"><div class=\"wpb_column vc_column_container\"><div class=\"vc_column-inner\"><div class=\"w-text us_custom_39d5e2d6 has_text_color\"><span class=\"w-text-h\"><span class=\"w-text-value\">KiricoStain<\/span><\/span><\/div><div class=\"w-vwrapper align_none valign_top\" style=\"--vwrapper-gap:0px\"><p class=\"w-text us_custom_7a77acab has_text_color\"><span class=\"w-text-h\"><span class=\"w-text-value\">Pol\u00edtica de Devoluci\u00f3n y Env\u00edos<\/span><\/span><\/p><\/div><\/div><\/div><div class=\"wpb_column vc_column_container hide_on_mobiles\"><div class=\"vc_column-inner\"><div class=\"w-image us_custom_b3eddc60 align_center\"><div class=\"w-image-h\"><img decoding=\"async\" width=\"2105\" height=\"2560\" src=\"https:\/\/kiricostain.com\/wp-content\/uploads\/2025\/06\/cabeza-gris-1-scaled.png\" class=\"attachment-full size-full\" alt=\"\" loading=\"lazy\" srcset=\"https:\/\/kiricostain.com\/wp-content\/uploads\/2025\/06\/cabeza-gris-1-scaled.png 2105w, https:\/\/kiricostain.com\/wp-content\/uploads\/2025\/06\/cabeza-gris-1-247x300.png 247w, https:\/\/kiricostain.com\/wp-content\/uploads\/2025\/06\/cabeza-gris-1-842x1024.png 842w, https:\/\/kiricostain.com\/wp-content\/uploads\/2025\/06\/cabeza-gris-1-10x12.png 10w, https:\/\/kiricostain.com\/wp-content\/uploads\/2025\/06\/cabeza-gris-1-301x366.png 301w, https:\/\/kiricostain.com\/wp-content\/uploads\/2025\/06\/cabeza-gris-1-1320x1605.png 1320w, https:\/\/kiricostain.com\/wp-content\/uploads\/2025\/06\/cabeza-gris-1-600x730.png 600w\" sizes=\"auto, (max-width: 2105px) 100vw, 2105px\" \/><\/div><\/div><\/div><\/div><\/div><\/div><\/section><section class=\"l-section wpb_row us_custom_cefaea8f height_auto\"><div class=\"l-section-h i-cf\"><div class=\"g-cols vc_row via_grid cols_1 laptops-cols_inherit tablets-cols_inherit mobiles-cols_1 valign_top type_default stacking_default\"><div class=\"wpb_column vc_column_container us_custom_6e74c4b0\"><div class=\"vc_column-inner\"><div class=\"wpb_text_column\"><div class=\"wpb_wrapper\"><h2><b>Descripci\u00f3n general<\/b><\/h2>\n<p><span style=\"font-weight: 400;\">Nuestra pol\u00edtica de reembolsos y devoluciones tiene una duraci\u00f3n de 30 d\u00edas. Si han transcurrido 30 d\u00edas desde su compra, no podemos ofrecerle un reembolso completo ni un cambio.<\/span><\/p>\n<p><span style=\"font-weight: 400;\">Para poder devolver el art\u00edculo, este debe estar sin usar y en las mismas condiciones en que lo recibi\u00f3. Tambi\u00e9n debe estar en su embalaje original.\u00a0<\/span><\/p>\n<p><span style=\"font-weight: 400;\">Para completar su devoluci\u00f3n, necesitamos la factura de compra.<\/span><\/p>\n<p><span style=\"font-weight: 400;\">\u00a0<\/span><\/p>\n<p><span style=\"font-weight: 400;\">Por favor, no env\u00ede su compra de vuelta al fabricante. P\u00f3ngase en contacto con nosotros a trav\u00e9s de kiricostain@gmail.com.<\/span><\/p>\n<p><span style=\"font-weight: 400;\">\u00a0<\/span><\/p>\n<p><span style=\"font-weight: 400;\">\u00a0<\/span><\/p>\n<h2><b>Reembolsos<\/b><span style=\"font-weight: 400;\">\u00a0<\/span><\/h2>\n<p><span style=\"font-weight: 400;\">Una vez recibida e inspeccionada su devoluci\u00f3n, le enviaremos un correo electr\u00f3nico para notificarle que hemos recibido el art\u00edculo devuelto. Tambi\u00e9n le notificaremos si su reembolso ha sido aprobado o rechazado.<\/span><\/p>\n<p><span style=\"font-weight: 400;\">\u00a0<\/span><\/p>\n<p><span style=\"font-weight: 400;\">Si es aprobado, se procesar\u00e1 su reembolso y se aplicar\u00e1 autom\u00e1ticamente un cr\u00e9dito a su tarjeta de cr\u00e9dito o m\u00e9todo de pago original, dentro de una cierta cantidad de d\u00edas.<\/span><\/p>\n<p><span style=\"font-weight: 400;\">\u00a0<\/span><\/p>\n<h3><b>Reembolsos tard\u00edos o faltantes<\/b><\/h3>\n<p><span style=\"font-weight: 400;\">Si a\u00fan no ha recibido un reembolso, primero revise nuevamente su cuenta bancaria.<\/span><\/p>\n<p><span style=\"font-weight: 400;\">\u00a0<\/span><\/p>\n<p><span style=\"font-weight: 400;\">Luego, comun\u00edquese con la compa\u00f1\u00eda de su tarjeta de cr\u00e9dito; puede tomar alg\u00fan tiempo antes de que su reembolso se publique oficialmente.<\/span><\/p>\n<p><span style=\"font-weight: 400;\">\u00a0<\/span><\/p>\n<p><span style=\"font-weight: 400;\">A continuaci\u00f3n, contacte a su banco. Suele haber un tiempo de procesamiento antes de que se publique el reembolso.<\/span><\/p>\n<p><span style=\"font-weight: 400;\">\u00a0<\/span><\/p>\n<p><span style=\"font-weight: 400;\">Si ha hecho todo esto y a\u00fan no ha recibido su reembolso, comun\u00edquese con nosotros a kiricostain@gmail.com.<\/span><\/p>\n<p><span style=\"font-weight: 400;\">\u00a0<\/span><\/p>\n<p><span style=\"font-weight: 400;\">\u00a0<\/span><\/p>\n<h2><b>Intercambios<\/b><span style=\"font-weight: 400;\">\u00a0<\/span><\/h2>\n<p><span style=\"font-weight: 400;\">Solo reemplazamos art\u00edculos defectuosos o da\u00f1ados. Si necesita cambiarlo por el mismo art\u00edculo, env\u00edenos un correo electr\u00f3nico a kiricostain@gmail.com y env\u00ede su art\u00edculo a: <\/span><span style=\"font-weight: 400;\">{<\/span><span style=\"font-weight: 400;\">Calle Antonia Dom\u00ednguez 9 (Local bajo) Madrid, Espa\u00f1a<\/span><span style=\"font-weight: 400;\">}.<\/span><\/p>\n<p><span style=\"font-weight: 400;\">\u00a0<\/span><\/p>\n<p><span style=\"font-weight: 400;\">\u00a0<\/span><\/p>\n<h2><b>Devoluciones de env\u00edo<\/b><span style=\"font-weight: 400;\">\u00a0<\/span><\/h2>\n<p><span style=\"font-weight: 400;\">Para devolver su producto, p\u00f3ngase en contacto con nosotros a trav\u00e9s de {<\/span><a href=\"mailto:kiricostain@gmail.com\"><span style=\"font-weight: 400;\">kiricostain@gmail.com<\/span><\/a><span style=\"font-weight: 400;\">}. Debe enviarlo por correo a: <\/span><span style=\"font-weight: 400;\">{<\/span><span style=\"font-weight: 400;\">Calle Antonia Dom\u00ednguez 9 (Local bajo) Madrid, Espa\u00f1a<\/span><span style=\"font-weight: 400;\">}.<\/span><\/p>\n<p><span style=\"font-weight: 400;\">\u00a0<\/span><\/p>\n<p><span style=\"font-weight: 400;\">Usted ser\u00e1 responsable de pagar los gastos de env\u00edo para la devoluci\u00f3n de su art\u00edculo. Los gastos de env\u00edo no son reembolsables. Si recibe un reembolso, el coste del env\u00edo de la devoluci\u00f3n se deducir\u00e1 de su reembolso.<\/span><\/p>\n<p><span style=\"font-weight: 400;\">\u00a0<\/span><\/p>\n<p><span style=\"font-weight: 400;\">Dependiendo de d\u00f3nde usted viva, el tiempo que pueda tardar en llegarle el producto cambiado puede variar.<\/span><\/p>\n<p><span style=\"font-weight: 400;\">\u00a0<\/span><\/p>\n<p><span style=\"font-weight: 400;\">Si devuelve art\u00edculos m\u00e1s caros, puede considerar usar un servicio de env\u00edo con seguimiento o contratar un seguro de env\u00edo. No garantizamos la recepci\u00f3n del art\u00edculo devuelto.<\/span><\/p>\n<p><span style=\"font-weight: 400;\">\u00a0<\/span><\/p>\n<h2><b>\u00bfNecesitas ayuda?<\/b><span style=\"font-weight: 400;\">\u00a0<\/span><\/h2>\n<p><span style=\"font-weight: 400;\">Cont\u00e1ctenos a kiricostain@gmail.com para preguntas relacionadas con reembolsos y devoluciones.<\/span><\/p>\n<h2 class=\"wp-block-heading\">\n<\/h2>\n<\/div><\/div><\/div><\/div><\/div><\/div><\/section>","protected":false},"excerpt":{"rendered":"KiricoStainPol\u00edtica de Devoluci\u00f3n y Env\u00edos Descripci\u00f3n general Nuestra pol\u00edtica de reembolsos y devoluciones tiene una duraci\u00f3n de 30 d\u00edas. Si han transcurrido 30 d\u00edas desde su compra, no podemos ofrecerle...","protected":false},"author":1,"featured_media":0,"parent":0,"menu_order":0,"comment_status":"closed","ping_status":"closed","template":"","meta":{"_acf_changed":false,"footnotes":""},"class_list":["post-330","page","type-page","status-publish","hentry"],"acf":[],"aioseo_notices":[],"jetpack_sharing_enabled":true,"_links":{"self":[{"href":"https:\/\/kiricostain.com\/en\/wp-json\/wp\/v2\/pages\/330","targetHints":{"allow":["GET"]}}],"collection":[{"href":"https:\/\/kiricostain.com\/en\/wp-json\/wp\/v2\/pages"}],"about":[{"href":"https:\/\/kiricostain.com\/en\/wp-json\/wp\/v2\/types\/page"}],"author":[{"embeddable":true,"href":"https:\/\/kiricostain.com\/en\/wp-json\/wp\/v2\/users\/1"}],"replies":[{"embeddable":true,"href":"https:\/\/kiricostain.com\/en\/wp-json\/wp\/v2\/comments?post=330"}],"version-history":[{"count":3,"href":"https:\/\/kiricostain.com\/en\/wp-json\/wp\/v2\/pages\/330\/revisions"}],"predecessor-version":[{"id":1555,"href":"https:\/\/kiricostain.com\/en\/wp-json\/wp\/v2\/pages\/330\/revisions\/1555"}],"wp:attachment":[{"href":"https:\/\/kiricostain.com\/en\/wp-json\/wp\/v2\/media?parent=330"}],"curies":[{"name":"wp","href":"https:\/\/api.w.org\/{rel}","templated":true}]}}