{"id":3,"date":"2024-02-07T21:21:06","date_gmt":"2024-02-07T21:21:06","guid":{"rendered":"https:\/\/kiricostain.com\/?page_id=3"},"modified":"2025-07-08T13:33:25","modified_gmt":"2025-07-08T13:33:25","slug":"politica-privacidad","status":"publish","type":"page","link":"https:\/\/kiricostain.com\/en\/politica-privacidad\/","title":{"rendered":"Pol\u00edtica de Privacidad"},"content":{"rendered":"<section class=\"l-section wpb_row us_custom_2d466fa0 height_auto width_custom\" style=\"--site-content-width:1440px;\"><div class=\"l-section-h i-cf\"><div class=\"g-cols vc_row via_grid cols_2 laptops-cols_inherit tablets-cols_inherit mobiles-cols_1 valign_middle type_default stacking_default\" style=\"--columns-gap:3rem;--laptops-columns-gap:3rem;--tablets-columns-gap:64px;--mobiles-columns-gap:3rem;\"><div class=\"wpb_column vc_column_container\"><div class=\"vc_column-inner\"><div class=\"w-text us_custom_39d5e2d6 has_text_color\"><span class=\"w-text-h\"><span class=\"w-text-value\">KiricoStain<\/span><\/span><\/div><div class=\"w-vwrapper align_none valign_top\" style=\"--vwrapper-gap:0px\"><p class=\"w-text us_custom_7a77acab has_text_color\"><span class=\"w-text-h\"><span class=\"w-text-value\">Pol\u00edtica de Privacidad<\/span><\/span><\/p><\/div><\/div><\/div><div class=\"wpb_column vc_column_container hide_on_mobiles\"><div class=\"vc_column-inner\"><div class=\"w-image us_custom_b3eddc60 align_center\"><div class=\"w-image-h\"><img decoding=\"async\" width=\"2105\" height=\"2560\" src=\"https:\/\/kiricostain.com\/wp-content\/uploads\/2025\/06\/cabeza-gris-1-scaled.png\" class=\"attachment-full size-full\" alt=\"\" loading=\"lazy\" srcset=\"https:\/\/kiricostain.com\/wp-content\/uploads\/2025\/06\/cabeza-gris-1-scaled.png 2105w, https:\/\/kiricostain.com\/wp-content\/uploads\/2025\/06\/cabeza-gris-1-247x300.png 247w, https:\/\/kiricostain.com\/wp-content\/uploads\/2025\/06\/cabeza-gris-1-842x1024.png 842w, https:\/\/kiricostain.com\/wp-content\/uploads\/2025\/06\/cabeza-gris-1-10x12.png 10w, https:\/\/kiricostain.com\/wp-content\/uploads\/2025\/06\/cabeza-gris-1-301x366.png 301w, https:\/\/kiricostain.com\/wp-content\/uploads\/2025\/06\/cabeza-gris-1-1320x1605.png 1320w, https:\/\/kiricostain.com\/wp-content\/uploads\/2025\/06\/cabeza-gris-1-600x730.png 600w\" sizes=\"auto, (max-width: 2105px) 100vw, 2105px\" \/><\/div><\/div><\/div><\/div><\/div><\/div><\/section><section class=\"l-section wpb_row us_custom_cefaea8f height_auto\"><div class=\"l-section-h i-cf\"><div class=\"g-cols vc_row via_grid cols_1 laptops-cols_inherit tablets-cols_inherit mobiles-cols_1 valign_top type_default stacking_default\"><div class=\"wpb_column vc_column_container\"><div class=\"vc_column-inner\"><div class=\"wpb_text_column us_custom_b77c9b6b\"><div class=\"wpb_wrapper\"><h2><b>Quienes somos<\/b><\/h2>\n<h4><span style=\"font-weight: 400;\">La direcci\u00f3n de nuestro sitio web es: https:\/\/kiricostain.com.<\/span><\/h4>\n<h2><b>Comentarios<\/b><\/h2>\n<p><span style=\"font-weight: 400;\">Cuando los visitantes dejan comentarios en el sitio, recopilamos los datos que se muestran en el formulario de comentarios, y tambi\u00e9n la direcci\u00f3n IP del visitante y la cadena del agente de usuario del navegador para ayudar a la detecci\u00f3n de spam.<\/span><\/p>\n<p><span style=\"font-weight: 400;\">Es posible que se proporcione al servicio Gravatar una cadena an\u00f3nima (tambi\u00e9n llamada hash) creada a partir de tu direcci\u00f3n de correo electr\u00f3nico para verificar si la est\u00e1s usando. La pol\u00edtica de privacidad del servicio Gravatar est\u00e1 disponible aqu\u00ed: https:\/\/automattic.com\/privacy\/. Tras la aprobaci\u00f3n de tu comentario, tu foto de perfil ser\u00e1 visible p\u00fablicamente en el contexto del mismo.<\/span><\/p>\n<h2>\u00a0<\/h2>\n<h2><b>Cookies<\/b><\/h2>\n<p><span style=\"font-weight: 400;\">Si visita nuestra p\u00e1gina de inicio de sesi\u00f3n, instalaremos una cookie temporal para determinar si su navegador acepta cookies. Esta cookie no contiene datos personales y se elimina al cerrar el navegador.<\/span><\/p>\n<p><span style=\"font-weight: 400;\">Al iniciar sesi\u00f3n, tambi\u00e9n instalaremos varias cookies para guardar tu informaci\u00f3n de inicio de sesi\u00f3n y tus preferencias de visualizaci\u00f3n de pantalla. Las cookies de inicio de sesi\u00f3n duran dos d\u00edas, y las de opciones de pantalla, un a\u00f1o. Si seleccionas \u00abRecordarme\u00bb, tu inicio de sesi\u00f3n se conservar\u00e1 durante dos semanas. Si cierras sesi\u00f3n, las cookies de inicio de sesi\u00f3n se eliminar\u00e1n.<\/span><\/p>\n<p><span style=\"font-weight: 400;\">Si editas o publicas un art\u00edculo, se guardar\u00e1 una cookie adicional en tu navegador. Esta cookie no incluye datos personales y simplemente indica el ID de la publicaci\u00f3n del art\u00edculo que acabas de editar. Caduca al cabo de un d\u00eda.<\/span><\/p>\n<h2>\u00a0<\/h2>\n<h2><b>Contenido incrustado de otros sitios web<\/b><\/h2>\n<p><span style=\"font-weight: 400;\">Los art\u00edculos de este sitio pueden incluir contenido incrustado (p. ej., v\u00eddeos, im\u00e1genes, art\u00edculos, etc.). El contenido incrustado de otros sitios web se comporta exactamente igual que si el visitante hubiera visitado el otro sitio web.<\/span><\/p>\n<p><span style=\"font-weight: 400;\">Estos sitios web pueden recopilar datos sobre usted, utilizar cookies, incrustar un seguimiento adicional de terceros y supervisar su interacci\u00f3n con ese contenido incrustado, incluido el seguimiento de su interacci\u00f3n con el contenido incrustado si tiene una cuenta y est\u00e1 conectado a ese sitio web.<\/span><\/p>\n<h2><b>Cu\u00e1nto tiempo conservamos sus datos<\/b><\/h2>\n<div class=\"uc-embed-tracker\"><\/div>\n<h2><b>Qu\u00e9 derechos tienes sobre tus datos<\/b><\/h2>\n<p><span style=\"font-weight: 400;\">Si usted nos ha proporcionado cualquier dato, puede solicitar un archivo exportado de los datos personales que tenemos sobre usted. Tambi\u00e9n puede solicitar que eliminemos cualquier dato personal que tengamos sobre usted. Esto no incluye los datos que estemos obligados a conservar con fines administrativos, legales o de seguridad.<\/span><\/p>\n<h2><b>D\u00f3nde se env\u00edan sus datos<\/b><\/h2>\n<p><span style=\"font-weight: 400;\">No enviamos datos a terceros<\/span><\/p>\n<\/div><\/div><\/div><\/div><\/div><\/div><\/section>","protected":false},"excerpt":{"rendered":"KiricoStainPol\u00edtica de PrivacidadQuienes somos La direcci\u00f3n de nuestro sitio web es: https:\/\/kiricostain.com. Comentarios Cuando los visitantes dejan comentarios en el sitio, recopilamos los datos que se muestran en el formulario...","protected":false},"author":1,"featured_media":0,"parent":0,"menu_order":0,"comment_status":"closed","ping_status":"closed","template":"","meta":{"_acf_changed":false,"footnotes":""},"class_list":["post-3","page","type-page","status-publish","hentry"],"acf":[],"aioseo_notices":[],"jetpack_sharing_enabled":true,"_links":{"self":[{"href":"https:\/\/kiricostain.com\/en\/wp-json\/wp\/v2\/pages\/3","targetHints":{"allow":["GET"]}}],"collection":[{"href":"https:\/\/kiricostain.com\/en\/wp-json\/wp\/v2\/pages"}],"about":[{"href":"https:\/\/kiricostain.com\/en\/wp-json\/wp\/v2\/types\/page"}],"author":[{"embeddable":true,"href":"https:\/\/kiricostain.com\/en\/wp-json\/wp\/v2\/users\/1"}],"replies":[{"embeddable":true,"href":"https:\/\/kiricostain.com\/en\/wp-json\/wp\/v2\/comments?post=3"}],"version-history":[{"count":6,"href":"https:\/\/kiricostain.com\/en\/wp-json\/wp\/v2\/pages\/3\/revisions"}],"predecessor-version":[{"id":1554,"href":"https:\/\/kiricostain.com\/en\/wp-json\/wp\/v2\/pages\/3\/revisions\/1554"}],"wp:attachment":[{"href":"https:\/\/kiricostain.com\/en\/wp-json\/wp\/v2\/media?parent=3"}],"curies":[{"name":"wp","href":"https:\/\/api.w.org\/{rel}","templated":true}]}}