{"id":1339,"date":"2025-06-26T07:16:05","date_gmt":"2025-06-26T07:16:05","guid":{"rendered":"https:\/\/kiricostain.com\/?page_id=1339"},"modified":"2025-07-15T10:57:21","modified_gmt":"2025-07-15T10:57:21","slug":"david-covid","status":"publish","type":"page","link":"https:\/\/kiricostain.com\/en\/david-covid\/","title":{"rendered":"David Covid"},"content":{"rendered":"<section class=\"l-section wpb_row us_custom_2d466fa0 height_auto width_custom\" style=\"--site-content-width:1440px;\"><div class=\"l-section-h i-cf\"><div class=\"g-cols vc_row via_grid cols_2 laptops-cols_inherit tablets-cols_inherit mobiles-cols_1 valign_middle type_default stacking_default\" style=\"--columns-gap:3rem;--laptops-columns-gap:3rem;--tablets-columns-gap:64px;--mobiles-columns-gap:3rem;\"><div class=\"wpb_column vc_column_container\"><div class=\"vc_column-inner\"><div class=\"w-text us_custom_39d5e2d6 has_text_color\"><span class=\"w-text-h\"><span class=\"w-text-value\">KiricoStain<\/span><\/span><\/div><div class=\"w-vwrapper align_none valign_top\" style=\"--vwrapper-gap:0px\"><p class=\"w-text us_custom_7a77acab has_text_color\"><span class=\"w-text-h\"><span class=\"w-text-value\">David Covid<\/span><\/span><\/p><p class=\"w-text us_custom_7a77acab has_text_color\"><span class=\"w-text-h\"><span class=\"w-text-value\">Known as \u201cThe Bug\u201d Hated by millions and loved by conspiracists.<\/span><\/span><\/p><\/div><\/div><\/div><div class=\"wpb_column vc_column_container hide_on_mobiles\"><div class=\"vc_column-inner\"><div class=\"w-image us_custom_b3eddc60 align_center\"><div class=\"w-image-h\"><img decoding=\"async\" width=\"1557\" height=\"1892\" src=\"https:\/\/kiricostain.com\/wp-content\/uploads\/2025\/06\/imagenFondoHeroKirico.png\" class=\"attachment-full size-full\" alt=\"\" loading=\"lazy\" srcset=\"https:\/\/kiricostain.com\/wp-content\/uploads\/2025\/06\/imagenFondoHeroKirico.png 1557w, https:\/\/kiricostain.com\/wp-content\/uploads\/2025\/06\/imagenFondoHeroKirico-600x729.png 600w, https:\/\/kiricostain.com\/wp-content\/uploads\/2025\/06\/imagenFondoHeroKirico-247x300.png 247w, https:\/\/kiricostain.com\/wp-content\/uploads\/2025\/06\/imagenFondoHeroKirico-843x1024.png 843w, https:\/\/kiricostain.com\/wp-content\/uploads\/2025\/06\/imagenFondoHeroKirico-768x933.png 768w, https:\/\/kiricostain.com\/wp-content\/uploads\/2025\/06\/imagenFondoHeroKirico-1264x1536.png 1264w, https:\/\/kiricostain.com\/wp-content\/uploads\/2025\/06\/imagenFondoHeroKirico-1320x1604.png 1320w, https:\/\/kiricostain.com\/wp-content\/uploads\/2025\/06\/imagenFondoHeroKirico-10x12.png 10w, https:\/\/kiricostain.com\/wp-content\/uploads\/2025\/06\/imagenFondoHeroKirico-301x366.png 301w\" sizes=\"auto, (max-width: 1557px) 100vw, 1557px\" \/><\/div><\/div><\/div><\/div><\/div><\/div><\/section><section class=\"l-section wpb_row us_custom_83bd0d6b height_auto\"><div class=\"l-section-h i-cf\"><div class=\"g-cols vc_row via_grid cols_2 laptops-cols_inherit tablets-cols_inherit mobiles-cols_1 valign_middle type_default stacking_default\" style=\"--columns-gap:50px;\"><div class=\"wpb_column vc_column_container\"><div class=\"vc_column-inner\"><div class=\"w-image us_custom_5f7f0553 objectFicCover has_height has_ratio align_none\"><div class=\"w-image-h\"><div style=\"padding-bottom:177.7778%\"><\/div><img decoding=\"async\" width=\"1200\" height=\"1600\" src=\"https:\/\/kiricostain.com\/wp-content\/uploads\/2025\/06\/IMG_3329-1.webp\" class=\"attachment-full size-full\" alt=\"\" loading=\"lazy\" \/><\/div><\/div><\/div><\/div><div class=\"wpb_column vc_column_container\"><div class=\"vc_column-inner\"><div class=\"w-vwrapper align_none valign_top\"><div class=\"wpb_text_column us_custom_93aa53ef has_text_color\"><div class=\"wpb_wrapper\"><p>Son of Jos\u00e9 Murci\u00e9lago and Mar\u00eda Pangol\u00edn. Public figure, influencer and persona non grata all over the world. He has the ability to reproduce and mutate particularly quickly, causing misfortune and horror in his wake.<\/p>\n<p>\u00a0<\/p>\n<p>Puppet\/ventriloquist for Adrian Serna. Spain 2020.<\/p>\n<p>\u00a0<\/p>\n<\/div><\/div><\/div><div class=\"w-hwrapper us_custom_ceee5369 valign_top default_align_left laptops_align_right tablets_align_left mobiles_align_center\"><\/div><\/div><\/div><\/div><\/div><\/section><section class=\"l-section wpb_row us_custom_e21c88e6 height_auto\"><div class=\"l-section-h i-cf\"><div class=\"g-cols vc_row via_grid cols_1 laptops-cols_inherit tablets-cols_inherit mobiles-cols_1 valign_top type_default stacking_default\"><div class=\"wpb_column vc_column_container\"><div class=\"vc_column-inner\"><div class=\"wpb_text_column us_custom_117cbbad\"><div class=\"wpb_wrapper\"><p>Photo gallery<\/p>\n<\/div><\/div><\/div><\/div><\/div><\/div><\/section><section class=\"l-section wpb_row us_custom_9ff6131e height_auto\"><div class=\"l-section-h i-cf\"><div class=\"g-cols vc_row via_grid cols_3 laptops-cols_inherit tablets-cols_inherit mobiles-cols_1 valign_top type_default stacking_default\"><div class=\"wpb_column vc_column_container\"><div class=\"vc_column-inner\"><div class=\"w-image us_custom_282b901a has_ratio align_none\"><div class=\"w-image-h\"><div style=\"padding-bottom:100%\"><\/div><img decoding=\"async\" width=\"1024\" height=\"1024\" src=\"https:\/\/kiricostain.com\/wp-content\/uploads\/2025\/06\/IMG_3329-1024x1024.webp\" class=\"attachment-large size-large\" alt=\"\" loading=\"lazy\" \/><\/div><\/div><\/div><\/div><div class=\"wpb_column vc_column_container\"><div class=\"vc_column-inner\"><div class=\"w-image us_custom_282b901a has_ratio align_none\"><div class=\"w-image-h\"><div style=\"padding-bottom:100%\"><\/div><img decoding=\"async\" width=\"1024\" height=\"1024\" src=\"https:\/\/kiricostain.com\/wp-content\/uploads\/2025\/06\/IMG_3341-1024x1024.webp\" class=\"attachment-large size-large\" alt=\"\" loading=\"lazy\" \/><\/div><\/div><\/div><\/div><div class=\"wpb_column vc_column_container\"><div class=\"vc_column-inner\"><div class=\"w-image us_custom_282b901a has_ratio align_none\"><div class=\"w-image-h\"><div style=\"padding-bottom:100%\"><\/div><img decoding=\"async\" width=\"1024\" height=\"1024\" src=\"https:\/\/kiricostain.com\/wp-content\/uploads\/2025\/06\/IMG_3346-1024x1024.webp\" class=\"attachment-large size-large\" alt=\"\" loading=\"lazy\" \/><\/div><\/div><\/div><\/div><div class=\"wpb_column vc_column_container\"><div class=\"vc_column-inner\"><div class=\"w-image us_custom_282b901a has_ratio align_none\"><div class=\"w-image-h\"><div style=\"padding-bottom:100%\"><\/div><img decoding=\"async\" width=\"1024\" height=\"1024\" src=\"https:\/\/kiricostain.com\/wp-content\/uploads\/2025\/06\/IMG_3367-1024x1024.webp\" class=\"attachment-large size-large\" alt=\"\" loading=\"lazy\" \/><\/div><\/div><\/div><\/div><div class=\"wpb_column vc_column_container\"><div class=\"vc_column-inner\"><div class=\"w-image us_custom_282b901a has_ratio align_none\"><div class=\"w-image-h\"><div style=\"padding-bottom:100%\"><\/div><img decoding=\"async\" width=\"1024\" height=\"1024\" src=\"https:\/\/kiricostain.com\/wp-content\/uploads\/2025\/06\/IMG_3371-1024x1024.webp\" class=\"attachment-large size-large\" alt=\"\" loading=\"lazy\" \/><\/div><\/div><\/div><\/div><div class=\"wpb_column vc_column_container\"><div class=\"vc_column-inner\"><div class=\"w-image us_custom_282b901a has_ratio align_none\"><div class=\"w-image-h\"><div style=\"padding-bottom:100%\"><\/div><img decoding=\"async\" width=\"1024\" height=\"683\" src=\"https:\/\/kiricostain.com\/wp-content\/uploads\/2025\/06\/IMG_3368-1024x683.webp\" class=\"attachment-large size-large\" alt=\"\" loading=\"lazy\" \/><\/div><\/div><\/div><\/div><\/div><\/div><\/section>","protected":false},"excerpt":{"rendered":"KiricoStainDavid CovidConocido como \u00abEl Bicho\u00bb Odiado por millones y amado por conspiranoicos.Hijo de Jos\u00e9 Murci\u00e9lago y Mar\u00eda Pangol\u00edn. Personaje p\u00fablico, influencer y persona non grata en todo el mundo. Tiene...","protected":false},"author":1,"featured_media":0,"parent":0,"menu_order":0,"comment_status":"closed","ping_status":"closed","template":"","meta":{"_acf_changed":false,"footnotes":""},"class_list":["post-1339","page","type-page","status-publish","hentry"],"acf":[],"aioseo_notices":[],"jetpack_sharing_enabled":true,"_links":{"self":[{"href":"https:\/\/kiricostain.com\/en\/wp-json\/wp\/v2\/pages\/1339","targetHints":{"allow":["GET"]}}],"collection":[{"href":"https:\/\/kiricostain.com\/en\/wp-json\/wp\/v2\/pages"}],"about":[{"href":"https:\/\/kiricostain.com\/en\/wp-json\/wp\/v2\/types\/page"}],"author":[{"embeddable":true,"href":"https:\/\/kiricostain.com\/en\/wp-json\/wp\/v2\/users\/1"}],"replies":[{"embeddable":true,"href":"https:\/\/kiricostain.com\/en\/wp-json\/wp\/v2\/comments?post=1339"}],"version-history":[{"count":17,"href":"https:\/\/kiricostain.com\/en\/wp-json\/wp\/v2\/pages\/1339\/revisions"}],"predecessor-version":[{"id":1599,"href":"https:\/\/kiricostain.com\/en\/wp-json\/wp\/v2\/pages\/1339\/revisions\/1599"}],"wp:attachment":[{"href":"https:\/\/kiricostain.com\/en\/wp-json\/wp\/v2\/media?parent=1339"}],"curies":[{"name":"wp","href":"https:\/\/api.w.org\/{rel}","templated":true}]}}